{"id":4424,"date":"2026-02-04T11:56:23","date_gmt":"2026-02-04T10:56:23","guid":{"rendered":"https:\/\/www.hotelsaturnojesolo.it\/?page_id=4424"},"modified":"2026-02-04T12:12:50","modified_gmt":"2026-02-04T11:12:50","slug":"jesolo-dintorni-modello","status":"publish","type":"page","link":"https:\/\/www.hotelsaturnojesolo.it\/de\/jesolo-dintorni-modello\/","title":{"rendered":"Jesolo &#038; Umgebung"},"content":{"rendered":"<p>[vc_row full_width=&#8220;stretch_row_content_no_spaces&#8220; gap=&#8220;&#8220; content_placement=&#8220;bottom&#8220; parallax=&#8220;content-moving&#8220; parallax_image=&#8220;3551&#8243; overlay_color=&#8220;rgba(0,0,0,0.5)&#8220; text_color=&#8220;#ffffff&#8220; css=&#8220;.vc_custom_1708688704748{padding-top: 300px !important;padding-bottom: 300px !important;background-image: url(https:\/\/www.hotelsaturnojesolo.it\/wp-content\/uploads\/2024\/02\/he3.jpg?id=4008) !important;}&#8220;][vc_column]<div class=\"heading-with-separator text-center id_169fd0ea0d1e48570261530   \"><div class=\"header-content\">\n\t\t\t<p class=\"h-subheading\"><\/p>\n\t\t\t<h1 class=\"heading  heading-decorator-1\" style=\"color: #ffffff; letter-spacing: 0px; \">Jesolo & Umgebung<\/h1><\/div><\/div><div class=\"custom-styles\" data-styles=\".id_169fd0ea0d1e48570261530 .heading-decorator-1:before, .id_169fd0ea0d1e48570261530 .heading-decorator-1:after { border-color: }\"><\/div>[\/vc_column][\/vc_row][vc_row gap=&#8220;&#8220; css=&#8220;.vc_custom_1770203472062{margin-bottom: 280px !important;}&#8220;][vc_column][vc_raw_html]JTNDZGl2JTIwaWQlM0QlMjJzYi1jb250YWluZXIlMjIlM0UlM0MlMkZkaXYlM0U=[\/vc_raw_html][\/vc_column][\/vc_row][vc_row][vc_column][vc_empty_space height=&#8220;40&#8243;][vc_column_text]Jesolo ist ein touristischer Ort an der oberen <strong>Adria<\/strong>, eine italienische Gemeinde in der Region Venetien im <strong>Nordosten Italiens<\/strong>. Es erstreckt sich entlang der Adriak\u00fcste, zwischen dem Meer und der Lagune von Venedig. Dieser Badeort bietet<strong> 15 Kilometer lange Sandstr\u00e4nde<\/strong>, ideal, um Sonne und Meer zu genie\u00dfen. Jesolo ist bekannt f\u00fcr seine eleganten Hotels, das lebhafte Nachtleben und seine strategische Lage in der N\u00e4he von Venedig.<\/p>\n<p><strong>Lido di Jesolo<\/strong> ist einer der beliebtesten Badeorte Italiens und zieht jedes Jahr Millionen von Touristen an. Dieser Ort ist besonders bei Familien beliebt und bietet eine Vielzahl von touristischen Attraktionen.[\/vc_column_text][vc_empty_space height=&#8220;40&#8243;][\/vc_column][\/vc_row][vc_row full_width=&#8220;stretch_row&#8220; gap=&#8220;&#8220; css=&#8220;.vc_custom_1611507927009{padding-top: 30px !important;padding-bottom: 30px !important;background-color: #f2f2f2 !important;}&#8220;][vc_column width=&#8220;1\/3&#8243;][vc_single_image image=&#8220;3884&#8243; img_size=&#8220;470&#215;310&#8243;][\/vc_column][vc_column width=&#8220;1\/12&#8243;][\/vc_column][vc_column width=&#8220;7\/12&#8243;]<div class=\"heading-with-separator text-left id_169fd0ea0d1e7b149485772  vc_custom_1719238943111  \"><div class=\"header-content\">\n\t\t\t<p class=\"h-subheading\">Caribe Bay<\/p>\n\t\t\t<h3 class=\"heading  heading-decorator-2\" style=\"; letter-spacing: 0px; \">Der<br \/>\nWasserpark<\/h3><\/div><\/div><div class=\"custom-styles\" data-styles=\".id_169fd0ea0d1e7b149485772 .heading-decorator-1:before, .id_169fd0ea0d1e7b149485772 .heading-decorator-1:after { border-color: }\"><\/div>[vc_column_text]Eine karibische Insel in Jesolo mit 2.700 Tonnen wei\u00dfem Sand und \u00fcber 2.000 Palmen. Es wurde 14 Mal als bester Themen-Wasserpark in Italien best\u00e4tigt.[\/vc_column_text][vc_empty_space height=&#8220;40&#8243;][\/vc_column][\/vc_row][vc_row gap=&#8220;&#8220; css=&#8220;.vc_custom_1611507909015{padding-top: 30px !important;padding-bottom: 30px !important;}&#8220;][vc_column width=&#8220;7\/12&#8243;]<div class=\"heading-with-separator text-left id_169fd0ea0d1e8b1533211377  vc_custom_1719238892512  \"><div class=\"header-content\">\n\t\t\t<p class=\"h-subheading\">La Fabbrica della Scienza<\/p>\n\t\t\t<h3 class=\"heading  heading-decorator-2\" style=\"; letter-spacing: 0px; \">Immer spannende<br \/>\nneue Ausstellungen<\/h3><\/div><\/div><div class=\"custom-styles\" data-styles=\".id_169fd0ea0d1e8b1533211377 .heading-decorator-1:before, .id_169fd0ea0d1e8b1533211377 .heading-decorator-1:after { border-color: }\"><\/div>[vc_column_text]La Fabbrica della Scienza ist die gr\u00f6\u00dfte interaktive Wissenschaftsausstellung f\u00fcr Kinder und Erwachsene mit Themenpfaden zur Wissenschaft und Natur.[\/vc_column_text][vc_empty_space height=&#8220;40&#8243;][\/vc_column][vc_column width=&#8220;1\/12&#8243;][\/vc_column][vc_column width=&#8220;1\/3&#8243;][vc_single_image image=&#8220;3885&#8243; img_size=&#8220;470&#215;310&#8243;][\/vc_column][\/vc_row][vc_row full_width=&#8220;stretch_row&#8220; gap=&#8220;&#8220; css=&#8220;.vc_custom_1611507927009{padding-top: 30px !important;padding-bottom: 30px !important;background-color: #f2f2f2 !important;}&#8220;][vc_column width=&#8220;1\/3&#8243;][vc_single_image image=&#8220;3930&#8243; img_size=&#8220;470&#215;310&#8243;][\/vc_column][vc_column width=&#8220;1\/12&#8243;][\/vc_column][vc_column width=&#8220;7\/12&#8243;]<div class=\"heading-with-separator text-left id_169fd0ea0d1e97717099615  vc_custom_1719238974693  \"><div class=\"header-content\">\n\t\t\t<p class=\"h-subheading\">Tropicarium<\/p>\n\t\t\t<h3 class=\"heading  heading-decorator-2\" style=\"; letter-spacing: 0px; \">Auf Entdeckungsreise<br \/>\ndurch die Tropen<\/h3><\/div><\/div><div class=\"custom-styles\" data-styles=\".id_169fd0ea0d1e97717099615 .heading-decorator-1:before, .id_169fd0ea0d1e97717099615 .heading-decorator-1:after { border-color: }\"><\/div>[vc_column_text]Der Tropicarium Park ist in 3 Pfade unterteilt, mit vielen Tieren, darunter Haie, Krokodile, Pinguine, Schmetterlinge und tropische Fische. Geeignet f\u00fcr die ganze Familie, mit speziellen Angeboten f\u00fcr Familien.[\/vc_column_text][vc_empty_space height=&#8220;40&#8243;][\/vc_column][\/vc_row][vc_row gap=&#8220;&#8220; css=&#8220;.vc_custom_1611507939416{padding-top: 30px !important;padding-bottom: 30px !important;}&#8220;][vc_column width=&#8220;7\/12&#8243;]<div class=\"heading-with-separator text-left id_169fd0ea0d1ea11240314557  vc_custom_1719239141378  \"><div class=\"header-content\">\n\t\t\t<p class=\"h-subheading\">Laguna Shopping<\/p>\n\t\t\t<h3 class=\"heading  heading-decorator-2\" style=\"; letter-spacing: 0px; \">Einkaufen<br \/>\nund mehr<\/h3><\/div><\/div><div class=\"custom-styles\" data-styles=\".id_169fd0ea0d1ea11240314557 .heading-decorator-1:before, .id_169fd0ea0d1ea11240314557 .heading-decorator-1:after { border-color: }\"><\/div>[vc_column_text]Laguna Shopping ist ein Einkaufspark im Freien im Herzen von Jesolo, nur wenige Schritte vom Meer entfernt. Dies k\u00f6nnen Sie in diesem lebhaften Einkaufszentrum erwarten: Bekleidungsgesch\u00e4fte, Elektronik und Haushaltswaren, Restaurants, Bars und Eisdielen.[\/vc_column_text][vc_empty_space height=&#8220;40&#8243;][\/vc_column][vc_column width=&#8220;1\/12&#8243;][\/vc_column][vc_column width=&#8220;1\/3&#8243;][vc_single_image image=&#8220;3883&#8243; img_size=&#8220;470&#215;310&#8243;][\/vc_column][\/vc_row][vc_row full_width=&#8220;stretch_row&#8220; gap=&#8220;&#8220; css=&#8220;.vc_custom_1611507952235{padding-top: 30px !important;padding-bottom: 30px !important;background-color: #f2f2f2 !important;}&#8220;][vc_column width=&#8220;1\/3&#8243;][vc_single_image image=&#8220;3929&#8243; img_size=&#8220;470&#215;310&#8243;][\/vc_column][vc_column width=&#8220;1\/12&#8243;][\/vc_column][vc_column width=&#8220;7\/12&#8243;]<div class=\"heading-with-separator text-left id_169fd0ea0d1eaa2115295604  vc_custom_1719239178845  \"><div class=\"header-content\">\n\t\t\t<p class=\"h-subheading\">Pista Azzurra<\/p>\n\t\t\t<h3 class=\"heading  heading-decorator-2\" style=\"; letter-spacing: 0px; \">T\u00e4gliches<br \/>\nRennvergn\u00fcgen<\/h3><\/div><\/div><div class=\"custom-styles\" data-styles=\".id_169fd0ea0d1eaa2115295604 .heading-decorator-1:before, .id_169fd0ea0d1eaa2115295604 .heading-decorator-1:after { border-color: }\"><\/div>[vc_column_text]Eine echte Ikone in der Welt des Kartings. Erbaut 1962, ist diese Strecke zu einem Pr\u00fcfstand f\u00fcr die Geschwindigkeit und Feinabstimmung neuer Fahrer geworden. Ihr technisches Layout bietet Herausforderungen und Spa\u00df f\u00fcr alle Fahrer, mit einer perfekten Kombination aus Kurven, Geraden und technischen Varianten. Wer m\u00f6chte, kann Karts mieten, um seine Fahrk\u00fcnste zu testen.[\/vc_column_text][vc_empty_space height=&#8220;40&#8243;][\/vc_column][\/vc_row][vc_row full_width=&#8220;stretch_row&#8220; gap=&#8220;&#8220; css=&#8220;.vc_custom_1611507964357{padding-top: 30px !important;padding-bottom: 30px !important;}&#8220;][vc_column width=&#8220;7\/12&#8243;]<div class=\"heading-with-separator text-left id_169fd0ea0d1eb31218334486  vc_custom_1719239225546  \"><div class=\"header-content\">\n\t\t\t<p class=\"h-subheading\">New Jesolandia<\/p>\n\t\t\t<h3 class=\"heading  heading-decorator-2\" style=\"; letter-spacing: 0px; \">Der Vergn\u00fcgungspark<br \/>\nvon Jesolo<\/h3><\/div><\/div><div class=\"custom-styles\" data-styles=\".id_169fd0ea0d1eb31218334486 .heading-decorator-1:before, .id_169fd0ea0d1eb31218334486 .heading-decorator-1:after { border-color: }\"><\/div>[vc_column_text]Der Vergn\u00fcgungspark Newjesolandia erstreckt sich \u00fcber eine Fl\u00e4che von 20.000 Quadratmetern am Rande von Lido di Jesolo und bietet Attraktionen und Unterhaltung f\u00fcr Erwachsene und Kinder, mit besonderem Augenmerk auf Familien. Die hier verbrachten Abende versprechen angenehme und unterhaltsame Abende. Bei Newjesolandia finden Sie S\u00fc\u00dfwarenst\u00e4nde mit k\u00f6stlichen S\u00fc\u00dfigkeiten, die Ihren Hei\u00dfhunger stillen.[\/vc_column_text][vc_empty_space height=&#8220;40&#8243;][\/vc_column][vc_column width=&#8220;1\/12&#8243;][\/vc_column][vc_column width=&#8220;1\/3&#8243;][vc_single_image image=&#8220;3886&#8243; img_size=&#8220;470&#215;310&#8243;][\/vc_column][\/vc_row][vc_row full_width=&#8220;stretch_row&#8220; gap=&#8220;&#8220; css=&#8220;.vc_custom_1611507952235{padding-top: 30px !important;padding-bottom: 30px !important;background-color: #f2f2f2 !important;}&#8220;][vc_column width=&#8220;1\/3&#8243;][vc_single_image image=&#8220;3887&#8243; img_size=&#8220;470&#215;310&#8243;][\/vc_column][vc_column width=&#8220;1\/12&#8243;][\/vc_column][vc_column width=&#8220;7\/12&#8243;]<div class=\"heading-with-separator text-left id_169fd0ea0d1ebb769763825  vc_custom_1719239316986  \"><div class=\"header-content\">\n\t\t\t<p class=\"h-subheading\">Capannina Beach<\/p>\n\t\t\t<h3 class=\"heading  heading-decorator-2\" style=\"; letter-spacing: 0px; \">Partys in<br \/>\nStrand<\/h3><\/div><\/div><div class=\"custom-styles\" data-styles=\".id_169fd0ea0d1ebb769763825 .heading-decorator-1:before, .id_169fd0ea0d1ebb769763825 .heading-decorator-1:after { border-color: }\"><\/div>[vc_column_text]Die Capannina liegt an der Piazza Mazzini und ist die K\u00f6nigin der Aperitifs und mehr. W\u00e4hrend des Aperitifs wird es lebendig und viele Menschen wollen zwischen einem Spritzer und dem anderen feiern. Ab einer bestimmten Stunde wird vielleicht sogar zwischen den Tischen getanzt.[\/vc_column_text][vc_empty_space height=&#8220;40&#8243;][\/vc_column][\/vc_row][vc_row full_width=&#8220;stretch_row&#8220; gap=&#8220;&#8220; css=&#8220;.vc_custom_1611507964357{padding-top: 30px !important;padding-bottom: 30px !important;}&#8220;][vc_column width=&#8220;7\/12&#8243;]<div class=\"heading-with-separator text-left id_169fd0ea0d1ec3483562102  vc_custom_1719239344235  \"><div class=\"header-content\">\n\t\t\t<p class=\"h-subheading\">Mucho Macho<\/p>\n\t\t\t<h3 class=\"heading  heading-decorator-2\" style=\"; letter-spacing: 0px; \">Das Nachtleben<br \/>\nim Quadrat<\/h3><\/div><\/div><div class=\"custom-styles\" data-styles=\".id_169fd0ea0d1ec3483562102 .heading-decorator-1:before, .id_169fd0ea0d1ec3483562102 .heading-decorator-1:after { border-color: }\"><\/div>[vc_column_text]Dieser fantastische Veranstaltungsort liegt auch in der N\u00e4he der Piazza Mazzini. Mit modern gestalteten Innen- und Au\u00dfenbereichen bietet Mucho Macho Cocktails, Biere, Weine und eine Auswahl an Speisen, darunter Club-Sandwiches, Panini und Wraps. Ideal f\u00fcr diejenigen, die das Nachtleben lieben![\/vc_column_text][vc_empty_space height=&#8220;40&#8243;][\/vc_column][vc_column width=&#8220;1\/12&#8243;][\/vc_column][vc_column width=&#8220;1\/3&#8243;][vc_single_image image=&#8220;3928&#8243; img_size=&#8220;470&#215;310&#8243;][\/vc_column][\/vc_row][vc_row full_width=&#8220;stretch_row&#8220; gap=&#8220;&#8220; css=&#8220;.vc_custom_1611507952235{padding-top: 30px !important;padding-bottom: 30px !important;background-color: #f2f2f2 !important;}&#8220;][vc_column width=&#8220;1\/3&#8243;][vc_single_image image=&#8220;3905&#8243; img_size=&#8220;470&#215;310&#8243;][\/vc_column][vc_column width=&#8220;1\/12&#8243;][\/vc_column][vc_column width=&#8220;7\/12&#8243;]<div class=\"heading-with-separator text-left id_169fd0ea0d1eca766929254  vc_custom_1719239399339  \"><div class=\"header-content\">\n\t\t\t<p class=\"h-subheading\">Venedig und die Lagune<\/p>\n\t\t\t<h3 class=\"heading  heading-decorator-2\" style=\"; letter-spacing: 0px; \">Stadt am Wasser<br \/>\nUNESCO-Erbe<\/h3><\/div><\/div><div class=\"custom-styles\" data-styles=\".id_169fd0ea0d1eca766929254 .heading-decorator-1:before, .id_169fd0ea0d1eca766929254 .heading-decorator-1:after { border-color: }\"><\/div>[vc_column_text]Auch als Serenissima bekannt, ist es eine einzigartige Stadt auf der Welt, eine Lagunenstadt, die Besucher mit ihrer Geschichte, ihrer Architektur und ihrer romantischen Atmosph\u00e4re fasziniert. Von Jesolo aus ist es m\u00f6glich, Venedig zu erreichen, indem man vorzugsweise mit dem Motorboot die Lagune \u00fcberquert und zum Pier bringt, der nur wenige Meter vom Markusplatz entfernt liegt.[\/vc_column_text][vc_empty_space height=&#8220;40&#8243;][\/vc_column][\/vc_row][vc_row full_width=&#8220;stretch_row_content_no_spaces&#8220; gap=&#8220;&#8220;][vc_column][vc_empty_space height=&#8220;30&#8243; height2=&#8220;40&#8243;][vc_gmaps link=&#8220;#E-8_JTNDaWZyYW1lJTIwc3JjJTNEJTIyaHR0cHMlM0ElMkYlMkZ3d3cuZ29vZ2xlLmNvbSUyRm1hcHMlMkZlbWJlZCUzRnBiJTNEJTIxMW0xOCUyMTFtMTIlMjExbTMlMjExZDI3OTYuNzIwMDc5MjM5MjgwNSUyMTJkMTIuNjExODU5NDUxNjYxMjYlMjEzZDQ1LjQ5NTU4MTMzOTI2NjQ0JTIxMm0zJTIxMWYwJTIxMmYwJTIxM2YwJTIxM20yJTIxMWkxMDI0JTIxMmk3NjglMjE0ZjEzLjElMjEzbTMlMjExbTIlMjExczB4NDc3YzAwNjNkMGI3ODY1NyUyNTNBMHhlNDhmNTZhODcyMTZhNDI4JTIxMnNIb3RlbCUyNTIwU0FUVVJOTyUyNTIwLSUyNTIwaG90ZWwlMjUyMGVjb25vbWljbyUyNTIwcGVuc2lvbmUlMjUyMGNvbXBsZXRhJTI1MjBhY3F1YSUyNTIwaW5jbHVzYSUyNTIwSmVzb2xvJTIxNWUwJTIxM20yJTIxMXNpdCUyMTJzaXQlMjE0djE1NzQ5NzM4NjUyOTYlMjE1bTIlMjExc2l0JTIxMnNpdCUyMiUyMHdpZHRoJTNEJTIyNjAwJTIyJTIwaGVpZ2h0JTNEJTIyNDUwJTIyJTIwZnJhbWVib3JkZXIlM0QlMjIwJTIyJTIwc3R5bGUlM0QlMjJib3JkZXIlM0EwJTNCJTIyJTIwYWxsb3dmdWxsc2NyZWVuJTNEJTIyJTIyJTNFJTNDJTJGaWZyYW1lJTNF&#8220;][\/vc_column][\/vc_row]<\/p>","protected":false},"excerpt":{"rendered":"<p>[vc_row full_width=&#8220;stretch_row_content_no_spaces&#8220; gap=&#8220;&#8220; content_placement=&#8220;bottom&#8220; parallax=&#8220;content-moving&#8220; parallax_image=&#8220;3551&#8243; overlay_color=&#8220;rgba(0,0,0,0.5)&#8220; text_color=&#8220;#ffffff&#8220; css=&#8220;.vc_custom_1708688704748{padding-top: 300px !important;padding-bottom: 300px !important;background-image: url(https:\/\/www.hotelsaturnojesolo.it\/wp-content\/uploads\/2024\/02\/he3.jpg?id=4008) !important;}&#8220;][vc_column][\/vc_column][\/vc_row][vc_row gap=&#8220;&#8220; css=&#8220;.vc_custom_1770203472062{margin-bottom: 280px !important;}&#8220;][vc_column][vc_raw_html]JTNDZGl2JTIwaWQlM0QlMjJzYi1jb250YWluZXIlMjIlM0UlM0MlMkZkaXYlM0U=[\/vc_raw_html][\/vc_column][\/vc_row][vc_row][vc_column][vc_empty_space height=&#8220;40&#8243;][vc_column_text]Jesolo ist ein touristischer Ort an der oberen Adria, eine italienische Gemeinde in der Region Venetien im Nordosten Italiens. Es erstreckt sich entlang der Adriak\u00fcste, zwischen dem Meer und der Lagune von Venedig. Dieser Badeort bietet[&#8230;] <a href=\"https:\/\/www.hotelsaturnojesolo.it\/de\/jesolo-dintorni-modello\/\" class=\"more-link\">Continue reading<\/a><\/p>\n","protected":false},"author":1,"featured_media":0,"parent":0,"menu_order":0,"comment_status":"closed","ping_status":"closed","template":"","meta":{"footnotes":""},"class_list":["post-4424","page","type-page","status-publish","hentry"],"yoast_head":"<!-- This site is optimized with the Yoast SEO plugin v23.8 - https:\/\/yoast.com\/wordpress\/plugins\/seo\/ -->\n<title>Jesolo &amp; Umgebung - Hotel Saturno Jesolo<\/title>\n<meta name=\"robots\" content=\"index, follow, max-snippet:-1, max-image-preview:large, max-video-preview:-1\" \/>\n<link rel=\"canonical\" href=\"https:\/\/www.hotelsaturnojesolo.it\/jesolo-dintorni-modello\/\" \/>\n<meta property=\"og:locale\" content=\"de_DE\" \/>\n<meta property=\"og:locale:alternate\" content=\"it_IT\" \/>\n<meta property=\"og:type\" content=\"article\" \/>\n<meta property=\"og:title\" content=\"Jesolo &amp; Umgebung\" \/>\n<meta property=\"og:description\" content=\"[vc_row full_width=&#8220;stretch_row_content_no_spaces&#8220; gap=&#8220;&#8220; content_placement=&#8220;bottom&#8220; parallax=&#8220;content-moving&#8220; parallax_image=&#8220;3551&#8243; overlay_color=&#8220;rgba(0,0,0,0.5)&#8220; text_color=&#8220;#ffffff&#8220; css=&#8220;.vc_custom_1708688704748{padding-top: 300px !important;padding-bottom: 300px !important;background-image: url(https:\/\/www.hotelsaturnojesolo.it\/wp-content\/uploads\/2024\/02\/he3.jpg?id=4008) !important;}&#8220;][vc_column][\/vc_column][\/vc_row][vc_row gap=&#8220;&#8220; css=&#8220;.vc_custom_1770203472062{margin-bottom: 280px !important;}&#8220;][vc_column][vc_raw_html]JTNDZGl2JTIwaWQlM0QlMjJzYi1jb250YWluZXIlMjIlM0UlM0MlMkZkaXYlM0U=[\/vc_raw_html][\/vc_column][\/vc_row][vc_row][vc_column][vc_empty_space height=&#8220;40&#8243;][vc_column_text]Jesolo ist ein touristischer Ort an der oberen Adria, eine italienische Gemeinde in der Region Venetien im Nordosten Italiens. Es erstreckt sich entlang der Adriak\u00fcste, zwischen dem Meer und der Lagune von Venedig. Dieser Badeort bietet[...] Continue reading\" \/>\n<meta property=\"og:url\" content=\"https:\/\/www.hotelsaturnojesolo.it\/de\/jesolo-dintorni-modello\/\" \/>\n<meta property=\"og:site_name\" content=\"Hotel Saturno Jesolo\" \/>\n<meta property=\"article:publisher\" content=\"https:\/\/www.facebook.com\/hotelsaturnojesolo\/\" \/>\n<meta property=\"article:modified_time\" content=\"2026-02-04T11:12:50+00:00\" \/>\n<meta name=\"twitter:card\" content=\"summary_large_image\" \/>\n<meta name=\"twitter:label1\" content=\"Gesch\u00e4tzte Lesezeit\" \/>\n\t<meta name=\"twitter:data1\" content=\"4\u00a0Minuten\" \/>\n<script type=\"application\/ld+json\" class=\"yoast-schema-graph\">{\"@context\":\"https:\/\/schema.org\",\"@graph\":[{\"@type\":\"WebPage\",\"@id\":\"https:\/\/www.hotelsaturnojesolo.it\/jesolo-dintorni-modello\/\",\"url\":\"https:\/\/www.hotelsaturnojesolo.it\/jesolo-dintorni-modello\/\",\"name\":\"Jesolo & Umgebung\",\"isPartOf\":{\"@id\":\"https:\/\/www.hotelsaturnojesolo.it\/#website\"},\"datePublished\":\"2026-02-04T10:56:23+00:00\",\"dateModified\":\"2026-02-04T11:12:50+00:00\",\"breadcrumb\":{\"@id\":\"https:\/\/www.hotelsaturnojesolo.it\/jesolo-dintorni-modello\/#breadcrumb\"},\"inLanguage\":\"de-DE\",\"potentialAction\":[{\"@type\":\"ReadAction\",\"target\":[\"https:\/\/www.hotelsaturnojesolo.it\/jesolo-dintorni-modello\/\"]}]},{\"@type\":\"BreadcrumbList\",\"@id\":\"https:\/\/www.hotelsaturnojesolo.it\/jesolo-dintorni-modello\/#breadcrumb\",\"itemListElement\":[{\"@type\":\"ListItem\",\"position\":1,\"name\":\"Home\",\"item\":\"https:\/\/www.hotelsaturnojesolo.it\/\"},{\"@type\":\"ListItem\",\"position\":2,\"name\":\"Jesolo &#038; dintorni\"}]},{\"@type\":\"WebSite\",\"@id\":\"https:\/\/www.hotelsaturnojesolo.it\/#website\",\"url\":\"https:\/\/www.hotelsaturnojesolo.it\/\",\"name\":\"Hotel Saturno Jesolo\",\"description\":\"\",\"publisher\":{\"@id\":\"https:\/\/www.hotelsaturnojesolo.it\/#organization\"},\"potentialAction\":[{\"@type\":\"SearchAction\",\"target\":{\"@type\":\"EntryPoint\",\"urlTemplate\":\"https:\/\/www.hotelsaturnojesolo.it\/?s={search_term_string}\"},\"query-input\":{\"@type\":\"PropertyValueSpecification\",\"valueRequired\":true,\"valueName\":\"search_term_string\"}}],\"inLanguage\":\"de-DE\"},{\"@type\":\"Organization\",\"@id\":\"https:\/\/www.hotelsaturnojesolo.it\/#organization\",\"name\":\"Hotel Saturno Jesolo\",\"url\":\"https:\/\/www.hotelsaturnojesolo.it\/\",\"logo\":{\"@type\":\"ImageObject\",\"inLanguage\":\"de-DE\",\"@id\":\"https:\/\/www.hotelsaturnojesolo.it\/#\/schema\/logo\/image\/\",\"url\":\"https:\/\/www.hotelsaturnojesolo.it\/wp-content\/uploads\/2019\/12\/cropped-Simbolo-HS-2.png\",\"contentUrl\":\"https:\/\/www.hotelsaturnojesolo.it\/wp-content\/uploads\/2019\/12\/cropped-Simbolo-HS-2.png\",\"width\":512,\"height\":512,\"caption\":\"Hotel Saturno Jesolo\"},\"image\":{\"@id\":\"https:\/\/www.hotelsaturnojesolo.it\/#\/schema\/logo\/image\/\"},\"sameAs\":[\"https:\/\/www.facebook.com\/hotelsaturnojesolo\/\",\"https:\/\/www.instagram.com\/hotelsaturno\/\"]}]}<\/script>\n<!-- \/ Yoast SEO plugin. -->","yoast_head_json":{"title":"Jesolo & Umgebung - Hotel Saturno Jesolo","robots":{"index":"index","follow":"follow","max-snippet":"max-snippet:-1","max-image-preview":"max-image-preview:large","max-video-preview":"max-video-preview:-1"},"canonical":"https:\/\/www.hotelsaturnojesolo.it\/jesolo-dintorni-modello\/","og_locale":"de_DE","og_type":"article","og_title":"[:it]Jesolo & dintorni[:de]Jesolo & Umgebung[:] - Hotel Saturno Jesolo","og_description":"[vc_row full_width=&#8220;stretch_row_content_no_spaces&#8220; gap=&#8220;&#8220; content_placement=&#8220;bottom&#8220; parallax=&#8220;content-moving&#8220; parallax_image=&#8220;3551&#8243; overlay_color=&#8220;rgba(0,0,0,0.5)&#8220; text_color=&#8220;#ffffff&#8220; css=&#8220;.vc_custom_1708688704748{padding-top: 300px !important;padding-bottom: 300px !important;background-image: url(https:\/\/www.hotelsaturnojesolo.it\/wp-content\/uploads\/2024\/02\/he3.jpg?id=4008) !important;}&#8220;][vc_column][\/vc_column][\/vc_row][vc_row gap=&#8220;&#8220; css=&#8220;.vc_custom_1770203472062{margin-bottom: 280px !important;}&#8220;][vc_column][vc_raw_html]JTNDZGl2JTIwaWQlM0QlMjJzYi1jb250YWluZXIlMjIlM0UlM0MlMkZkaXYlM0U=[\/vc_raw_html][\/vc_column][\/vc_row][vc_row][vc_column][vc_empty_space height=&#8220;40&#8243;][vc_column_text]Jesolo ist ein touristischer Ort an der oberen Adria, eine italienische Gemeinde in der Region Venetien im Nordosten Italiens. Es erstreckt sich entlang der Adriak\u00fcste, zwischen dem Meer und der Lagune von Venedig. Dieser Badeort bietet[...] Continue reading","og_url":"https:\/\/www.hotelsaturnojesolo.it\/de\/jesolo-dintorni-modello\/","og_site_name":"Hotel Saturno Jesolo","article_publisher":"https:\/\/www.facebook.com\/hotelsaturnojesolo\/","article_modified_time":"2026-02-04T11:12:50+00:00","twitter_card":"summary_large_image","twitter_misc":{"Gesch\u00e4tzte Lesezeit":"4\u00a0Minuten"},"schema":{"@context":"https:\/\/schema.org","@graph":[{"@type":"WebPage","@id":"https:\/\/www.hotelsaturnojesolo.it\/jesolo-dintorni-modello\/","url":"https:\/\/www.hotelsaturnojesolo.it\/jesolo-dintorni-modello\/","name":"Jesolo & Umgebung","isPartOf":{"@id":"https:\/\/www.hotelsaturnojesolo.it\/#website"},"datePublished":"2026-02-04T10:56:23+00:00","dateModified":"2026-02-04T11:12:50+00:00","breadcrumb":{"@id":"https:\/\/www.hotelsaturnojesolo.it\/jesolo-dintorni-modello\/#breadcrumb"},"inLanguage":"de-DE","potentialAction":[{"@type":"ReadAction","target":["https:\/\/www.hotelsaturnojesolo.it\/jesolo-dintorni-modello\/"]}]},{"@type":"BreadcrumbList","@id":"https:\/\/www.hotelsaturnojesolo.it\/jesolo-dintorni-modello\/#breadcrumb","itemListElement":[{"@type":"ListItem","position":1,"name":"Home","item":"https:\/\/www.hotelsaturnojesolo.it\/"},{"@type":"ListItem","position":2,"name":"Jesolo &#038; dintorni"}]},{"@type":"WebSite","@id":"https:\/\/www.hotelsaturnojesolo.it\/#website","url":"https:\/\/www.hotelsaturnojesolo.it\/","name":"Hotel Saturno Jesolo","description":"","publisher":{"@id":"https:\/\/www.hotelsaturnojesolo.it\/#organization"},"potentialAction":[{"@type":"SearchAction","target":{"@type":"EntryPoint","urlTemplate":"https:\/\/www.hotelsaturnojesolo.it\/?s={search_term_string}"},"query-input":{"@type":"PropertyValueSpecification","valueRequired":true,"valueName":"search_term_string"}}],"inLanguage":"de-DE"},{"@type":"Organization","@id":"https:\/\/www.hotelsaturnojesolo.it\/#organization","name":"Hotel Saturno Jesolo","url":"https:\/\/www.hotelsaturnojesolo.it\/","logo":{"@type":"ImageObject","inLanguage":"de-DE","@id":"https:\/\/www.hotelsaturnojesolo.it\/#\/schema\/logo\/image\/","url":"https:\/\/www.hotelsaturnojesolo.it\/wp-content\/uploads\/2019\/12\/cropped-Simbolo-HS-2.png","contentUrl":"https:\/\/www.hotelsaturnojesolo.it\/wp-content\/uploads\/2019\/12\/cropped-Simbolo-HS-2.png","width":512,"height":512,"caption":"Hotel Saturno Jesolo"},"image":{"@id":"https:\/\/www.hotelsaturnojesolo.it\/#\/schema\/logo\/image\/"},"sameAs":["https:\/\/www.facebook.com\/hotelsaturnojesolo\/","https:\/\/www.instagram.com\/hotelsaturno\/"]}]}},"_links":{"self":[{"href":"https:\/\/www.hotelsaturnojesolo.it\/de\/wp-json\/wp\/v2\/pages\/4424","targetHints":{"allow":["GET"]}}],"collection":[{"href":"https:\/\/www.hotelsaturnojesolo.it\/de\/wp-json\/wp\/v2\/pages"}],"about":[{"href":"https:\/\/www.hotelsaturnojesolo.it\/de\/wp-json\/wp\/v2\/types\/page"}],"author":[{"embeddable":true,"href":"https:\/\/www.hotelsaturnojesolo.it\/de\/wp-json\/wp\/v2\/users\/1"}],"replies":[{"embeddable":true,"href":"https:\/\/www.hotelsaturnojesolo.it\/de\/wp-json\/wp\/v2\/comments?post=4424"}],"version-history":[{"count":15,"href":"https:\/\/www.hotelsaturnojesolo.it\/de\/wp-json\/wp\/v2\/pages\/4424\/revisions"}],"predecessor-version":[{"id":4451,"href":"https:\/\/www.hotelsaturnojesolo.it\/de\/wp-json\/wp\/v2\/pages\/4424\/revisions\/4451"}],"wp:attachment":[{"href":"https:\/\/www.hotelsaturnojesolo.it\/de\/wp-json\/wp\/v2\/media?parent=4424"}],"curies":[{"name":"wp","href":"https:\/\/api.w.org\/{rel}","templated":true}]}}