{"id":2553,"date":"2019-11-27T21:18:54","date_gmt":"2019-11-27T20:18:54","guid":{"rendered":"https:\/\/saturnohotel.local\/?page_id=2553"},"modified":"2026-02-05T20:21:26","modified_gmt":"2026-02-05T19:21:26","slug":"informationen","status":"publish","type":"page","link":"https:\/\/www.hotelsaturnojesolo.it\/de\/informationen\/","title":{"rendered":"Informationen"},"content":{"rendered":"<p>[vc_row full_width=&#8220;stretch_row_content&#8220; gap=&#8220;&#8220; content_placement=&#8220;bottom&#8220; parallax=&#8220;content-moving&#8220; overlay_color=&#8220;rgba(0,0,0,0.5)&#8220; css=&#8220;.vc_custom_1708709676558{padding-top: 300px !important;padding-bottom: 300px !important;background-image: url(https:\/\/www.hotelsaturnojesolo.it\/wp-content\/uploads\/2024\/02\/he4.jpg?id=4010) !important;}&#8220;][vc_column]<div class=\"heading-with-separator text-center id_169fd1d591df71650363895   \"><div class=\"header-content\">\n\t\t\t<p class=\"h-subheading\"><\/p>\n\t\t\t<h1 class=\"heading  heading-decorator-1\" style=\"color: #ffffff; letter-spacing: 0px; \">Informationen<\/h1><\/div><\/div><div class=\"custom-styles\" data-styles=\".id_169fd1d591df71650363895 .heading-decorator-1:before, .id_169fd1d591df71650363895 .heading-decorator-1:after { border-color: }\"><\/div>[\/vc_column][\/vc_row][vc_row gap=&#8220;&#8220; css=&#8220;.vc_custom_1770203133766{margin-bottom: 280px !important;}&#8220;][vc_column][vc_raw_html]JTNDZGl2JTIwaWQlM0QlMjJzYi1jb250YWluZXIlMjIlM0UlM0MlMkZkaXYlM0U=[\/vc_raw_html][\/vc_column][\/vc_row][vc_row][vc_column width=&#8220;1\/6&#8243;][\/vc_column][vc_column width=&#8220;2\/3&#8243;][vc_empty_space height2=&#8220;40px&#8220;][vc_empty_space height2=&#8220;40px&#8220;][vc_empty_space height=&#8220;40&#8243;][\/vc_column][vc_column width=&#8220;1\/6&#8243;][\/vc_column][\/vc_row][vc_row][vc_column width=&#8220;1\/6&#8243;][\/vc_column][vc_column width=&#8220;2\/3&#8243;][vc_empty_space][vc_column_text]Am Freitags ist ein Mindestaufenthalt von mindestens 2 N\u00e4chten erforderlich. Vom 1. bis 31. August ist ein Mindestaufenthalt von mindestens 4 N\u00e4chten erforderlich.<\/p>\n<hr size=\"1\" \/>\n<p>Alle Zimmer verf\u00fcgen \u00fcber einen Fernseher mit Satellitenempfang, kostenloses WLAN sowie eine Klimaanlage, die im Preis inbegriffen ist.<\/p>\n<hr size=\"1\" \/>\n<p>Das Restaurant bietet jeden Morgen die M\u00f6glichkeit, ein Fr\u00fchst\u00fcck zu genie\u00dfen, das als reichhaltiges Buffet serviert wird.<\/p>\n<hr size=\"1\" \/>\n<p>Die Preise verstehen sich ohne Trinkgelder, Kurtaxe und sonstige Abgaben.<\/p>\n<hr size=\"1\" \/>\n<p>Das Zimmer ist von 12:00 Uhr am Anreisetag (Check-in) bis 10:00 Uhr am Abreisetag (Check-out) reserviert.<\/p>\n<hr size=\"1\" \/>\n<p>Bezahlung in bar, mit Kreditkarte oder Bankkarte (keine Schecks).<\/p>\n<hr size=\"1\" \/>\n<p>Aufpreis: Doppelzimmer zur Einzelnutzung \u20ac 20,00 pro Tag.[\/vc_column_text][vc_empty_space][\/vc_column][vc_column width=&#8220;1\/6&#8243;][\/vc_column][\/vc_row][vc_row full_width=&#8220;stretch_row_content_no_spaces&#8220; gap=&#8220;&#8220;][vc_column][vc_gmaps link=&#8220;#E-8_JTNDaWZyYW1lJTIwc3JjJTNEJTIyaHR0cHMlM0ElMkYlMkZ3d3cuZ29vZ2xlLmNvbSUyRm1hcHMlMkZlbWJlZCUzRnBiJTNEJTIxMW0xOCUyMTFtMTIlMjExbTMlMjExZDI3OTYuNzIwMDc5MjM5MjgwNSUyMTJkMTIuNjExODU5NDUxNjYxMjYlMjEzZDQ1LjQ5NTU4MTMzOTI2NjQ0JTIxMm0zJTIxMWYwJTIxMmYwJTIxM2YwJTIxM20yJTIxMWkxMDI0JTIxMmk3NjglMjE0ZjEzLjElMjEzbTMlMjExbTIlMjExczB4NDc3YzAwNjNkMGI3ODY1NyUyNTNBMHhlNDhmNTZhODcyMTZhNDI4JTIxMnNIb3RlbCUyNTIwU0FUVVJOTyUyNTIwLSUyNTIwaG90ZWwlMjUyMGVjb25vbWljbyUyNTIwcGVuc2lvbmUlMjUyMGNvbXBsZXRhJTI1MjBhY3F1YSUyNTIwaW5jbHVzYSUyNTIwSmVzb2xvJTIxNWUwJTIxM20yJTIxMXNpdCUyMTJzaXQlMjE0djE1NzQ5NzM4NjUyOTYlMjE1bTIlMjExc2l0JTIxMnNpdCUyMiUyMHdpZHRoJTNEJTIyNjAwJTIyJTIwaGVpZ2h0JTNEJTIyNDUwJTIyJTIwZnJhbWVib3JkZXIlM0QlMjIwJTIyJTIwc3R5bGUlM0QlMjJib3JkZXIlM0EwJTNCJTIyJTIwYWxsb3dmdWxsc2NyZWVuJTNEJTIyJTIyJTNFJTNDJTJGaWZyYW1lJTNF&#8220;][vc_empty_space height=&#8220;30&#8243; height2=&#8220;50&#8243;][\/vc_column][\/vc_row]<\/p>","protected":false},"excerpt":{"rendered":"<p>[vc_row full_width=&#8220;stretch_row_content&#8220; gap=&#8220;&#8220; content_placement=&#8220;bottom&#8220; parallax=&#8220;content-moving&#8220; overlay_color=&#8220;rgba(0,0,0,0.5)&#8220; css=&#8220;.vc_custom_1708709676558{padding-top: 300px !important;padding-bottom: 300px !important;background-image: url(https:\/\/www.hotelsaturnojesolo.it\/wp-content\/uploads\/2024\/02\/he4.jpg?id=4010) !important;}&#8220;][vc_column][\/vc_column][\/vc_row][vc_row gap=&#8220;&#8220; css=&#8220;.vc_custom_1770203133766{margin-bottom: 280px !important;}&#8220;][vc_column][vc_raw_html]JTNDZGl2JTIwaWQlM0QlMjJzYi1jb250YWluZXIlMjIlM0UlM0MlMkZkaXYlM0U=[\/vc_raw_html][\/vc_column][\/vc_row][vc_row][vc_column width=&#8220;1\/6&#8243;][\/vc_column][vc_column width=&#8220;2\/3&#8243;][vc_empty_space height2=&#8220;40px&#8220;][vc_empty_space height2=&#8220;40px&#8220;][vc_empty_space height=&#8220;40&#8243;][\/vc_column][vc_column width=&#8220;1\/6&#8243;][\/vc_column][\/vc_row][vc_row][vc_column width=&#8220;1\/6&#8243;][\/vc_column][vc_column width=&#8220;2\/3&#8243;][vc_empty_space][vc_column_text]Am Freitags ist ein Mindestaufenthalt von mindestens 2 N\u00e4chten erforderlich. Vom 1. bis 31. August ist ein Mindestaufenthalt von mindestens 4 N\u00e4chten erforderlich. Alle Zimmer verf\u00fcgen \u00fcber einen Fernseher mit Satellitenempfang,[&#8230;] <a href=\"https:\/\/www.hotelsaturnojesolo.it\/de\/informationen\/\" class=\"more-link\">Continue reading<\/a><\/p>\n","protected":false},"author":1,"featured_media":0,"parent":0,"menu_order":0,"comment_status":"closed","ping_status":"closed","template":"","meta":{"footnotes":""},"class_list":["post-2553","page","type-page","status-publish","hentry"],"yoast_head":"<!-- This site is optimized with the Yoast SEO plugin v23.8 - https:\/\/yoast.com\/wordpress\/plugins\/seo\/ -->\n<title>Informationen - Hotel Saturno Jesolo<\/title>\n<meta name=\"robots\" content=\"index, follow, max-snippet:-1, max-image-preview:large, max-video-preview:-1\" \/>\n<link rel=\"canonical\" href=\"https:\/\/www.hotelsaturnojesolo.it\/de\/informationen\/\" \/>\n<meta property=\"og:locale\" content=\"de_DE\" \/>\n<meta property=\"og:locale:alternate\" content=\"it_IT\" \/>\n<meta property=\"og:type\" content=\"article\" \/>\n<meta property=\"og:title\" content=\"Informationen\" \/>\n<meta property=\"og:description\" content=\"[vc_row full_width=&#8220;stretch_row_content&#8220; gap=&#8220;&#8220; content_placement=&#8220;bottom&#8220; parallax=&#8220;content-moving&#8220; overlay_color=&#8220;rgba(0,0,0,0.5)&#8220; css=&#8220;.vc_custom_1708709676558{padding-top: 300px !important;padding-bottom: 300px !important;background-image: url(https:\/\/www.hotelsaturnojesolo.it\/wp-content\/uploads\/2024\/02\/he4.jpg?id=4010) !important;}&#8220;][vc_column][\/vc_column][\/vc_row][vc_row gap=&#8220;&#8220; css=&#8220;.vc_custom_1770203133766{margin-bottom: 280px !important;}&#8220;][vc_column][vc_raw_html]JTNDZGl2JTIwaWQlM0QlMjJzYi1jb250YWluZXIlMjIlM0UlM0MlMkZkaXYlM0U=[\/vc_raw_html][\/vc_column][\/vc_row][vc_row][vc_column width=&#8220;1\/6&#8243;][\/vc_column][vc_column width=&#8220;2\/3&#8243;][vc_empty_space height2=&#8220;40px&#8220;][vc_empty_space height2=&#8220;40px&#8220;][vc_empty_space height=&#8220;40&#8243;][\/vc_column][vc_column width=&#8220;1\/6&#8243;][\/vc_column][\/vc_row][vc_row][vc_column width=&#8220;1\/6&#8243;][\/vc_column][vc_column width=&#8220;2\/3&#8243;][vc_empty_space][vc_column_text]Am Freitags ist ein Mindestaufenthalt von mindestens 2 N\u00e4chten erforderlich. Vom 1. bis 31. August ist ein Mindestaufenthalt von mindestens 4 N\u00e4chten erforderlich. Alle Zimmer verf\u00fcgen \u00fcber einen Fernseher mit Satellitenempfang,[...] Continue reading\" \/>\n<meta property=\"og:url\" content=\"https:\/\/www.hotelsaturnojesolo.it\/de\/informationen\/\" \/>\n<meta property=\"og:site_name\" content=\"Hotel Saturno Jesolo\" \/>\n<meta property=\"article:publisher\" content=\"https:\/\/www.facebook.com\/hotelsaturnojesolo\/\" \/>\n<meta property=\"article:modified_time\" content=\"2026-02-05T19:21:26+00:00\" \/>\n<meta name=\"twitter:card\" content=\"summary_large_image\" \/>\n<meta name=\"twitter:label1\" content=\"Gesch\u00e4tzte Lesezeit\" \/>\n\t<meta name=\"twitter:data1\" content=\"1\u00a0Minute\" \/>\n<script type=\"application\/ld+json\" class=\"yoast-schema-graph\">{\"@context\":\"https:\/\/schema.org\",\"@graph\":[{\"@type\":\"WebPage\",\"@id\":\"https:\/\/www.hotelsaturnojesolo.it\/de\/informationen\/\",\"url\":\"https:\/\/www.hotelsaturnojesolo.it\/de\/informationen\/\",\"name\":\"Informationen\",\"isPartOf\":{\"@id\":\"https:\/\/www.hotelsaturnojesolo.it\/#website\"},\"datePublished\":\"2019-11-27T20:18:54+00:00\",\"dateModified\":\"2026-02-05T19:21:26+00:00\",\"breadcrumb\":{\"@id\":\"https:\/\/www.hotelsaturnojesolo.it\/de\/informationen\/#breadcrumb\"},\"inLanguage\":\"de-DE\",\"potentialAction\":[{\"@type\":\"ReadAction\",\"target\":[\"https:\/\/www.hotelsaturnojesolo.it\/de\/informationen\/\"]}]},{\"@type\":\"BreadcrumbList\",\"@id\":\"https:\/\/www.hotelsaturnojesolo.it\/de\/informationen\/#breadcrumb\",\"itemListElement\":[{\"@type\":\"ListItem\",\"position\":1,\"name\":\"Home\",\"item\":\"https:\/\/www.hotelsaturnojesolo.it\/\"},{\"@type\":\"ListItem\",\"position\":2,\"name\":\"Informationen\"}]},{\"@type\":\"WebSite\",\"@id\":\"https:\/\/www.hotelsaturnojesolo.it\/#website\",\"url\":\"https:\/\/www.hotelsaturnojesolo.it\/\",\"name\":\"Hotel Saturno Jesolo\",\"description\":\"\",\"publisher\":{\"@id\":\"https:\/\/www.hotelsaturnojesolo.it\/#organization\"},\"potentialAction\":[{\"@type\":\"SearchAction\",\"target\":{\"@type\":\"EntryPoint\",\"urlTemplate\":\"https:\/\/www.hotelsaturnojesolo.it\/?s={search_term_string}\"},\"query-input\":{\"@type\":\"PropertyValueSpecification\",\"valueRequired\":true,\"valueName\":\"search_term_string\"}}],\"inLanguage\":\"de-DE\"},{\"@type\":\"Organization\",\"@id\":\"https:\/\/www.hotelsaturnojesolo.it\/#organization\",\"name\":\"Hotel Saturno Jesolo\",\"url\":\"https:\/\/www.hotelsaturnojesolo.it\/\",\"logo\":{\"@type\":\"ImageObject\",\"inLanguage\":\"de-DE\",\"@id\":\"https:\/\/www.hotelsaturnojesolo.it\/#\/schema\/logo\/image\/\",\"url\":\"https:\/\/www.hotelsaturnojesolo.it\/wp-content\/uploads\/2019\/12\/cropped-Simbolo-HS-2.png\",\"contentUrl\":\"https:\/\/www.hotelsaturnojesolo.it\/wp-content\/uploads\/2019\/12\/cropped-Simbolo-HS-2.png\",\"width\":512,\"height\":512,\"caption\":\"Hotel Saturno Jesolo\"},\"image\":{\"@id\":\"https:\/\/www.hotelsaturnojesolo.it\/#\/schema\/logo\/image\/\"},\"sameAs\":[\"https:\/\/www.facebook.com\/hotelsaturnojesolo\/\",\"https:\/\/www.instagram.com\/hotelsaturno\/\"]}]}<\/script>\n<!-- \/ Yoast SEO plugin. -->","yoast_head_json":{"title":"Informationen - Hotel Saturno Jesolo","robots":{"index":"index","follow":"follow","max-snippet":"max-snippet:-1","max-image-preview":"max-image-preview:large","max-video-preview":"max-video-preview:-1"},"canonical":"https:\/\/www.hotelsaturnojesolo.it\/de\/informationen\/","og_locale":"de_DE","og_type":"article","og_title":"[:it]Informazioni[:de]Informationen[:] - Hotel Saturno Jesolo","og_description":"[vc_row full_width=&#8220;stretch_row_content&#8220; gap=&#8220;&#8220; content_placement=&#8220;bottom&#8220; parallax=&#8220;content-moving&#8220; overlay_color=&#8220;rgba(0,0,0,0.5)&#8220; css=&#8220;.vc_custom_1708709676558{padding-top: 300px !important;padding-bottom: 300px !important;background-image: url(https:\/\/www.hotelsaturnojesolo.it\/wp-content\/uploads\/2024\/02\/he4.jpg?id=4010) !important;}&#8220;][vc_column][\/vc_column][\/vc_row][vc_row gap=&#8220;&#8220; css=&#8220;.vc_custom_1770203133766{margin-bottom: 280px !important;}&#8220;][vc_column][vc_raw_html]JTNDZGl2JTIwaWQlM0QlMjJzYi1jb250YWluZXIlMjIlM0UlM0MlMkZkaXYlM0U=[\/vc_raw_html][\/vc_column][\/vc_row][vc_row][vc_column width=&#8220;1\/6&#8243;][\/vc_column][vc_column width=&#8220;2\/3&#8243;][vc_empty_space height2=&#8220;40px&#8220;][vc_empty_space height2=&#8220;40px&#8220;][vc_empty_space height=&#8220;40&#8243;][\/vc_column][vc_column width=&#8220;1\/6&#8243;][\/vc_column][\/vc_row][vc_row][vc_column width=&#8220;1\/6&#8243;][\/vc_column][vc_column width=&#8220;2\/3&#8243;][vc_empty_space][vc_column_text]Am Freitags ist ein Mindestaufenthalt von mindestens 2 N\u00e4chten erforderlich. Vom 1. bis 31. August ist ein Mindestaufenthalt von mindestens 4 N\u00e4chten erforderlich. Alle Zimmer verf\u00fcgen \u00fcber einen Fernseher mit Satellitenempfang,[...] Continue reading","og_url":"https:\/\/www.hotelsaturnojesolo.it\/de\/informationen\/","og_site_name":"Hotel Saturno Jesolo","article_publisher":"https:\/\/www.facebook.com\/hotelsaturnojesolo\/","article_modified_time":"2026-02-05T19:21:26+00:00","twitter_card":"summary_large_image","twitter_misc":{"Gesch\u00e4tzte Lesezeit":"1\u00a0Minute"},"schema":{"@context":"https:\/\/schema.org","@graph":[{"@type":"WebPage","@id":"https:\/\/www.hotelsaturnojesolo.it\/de\/informationen\/","url":"https:\/\/www.hotelsaturnojesolo.it\/de\/informationen\/","name":"Informationen","isPartOf":{"@id":"https:\/\/www.hotelsaturnojesolo.it\/#website"},"datePublished":"2019-11-27T20:18:54+00:00","dateModified":"2026-02-05T19:21:26+00:00","breadcrumb":{"@id":"https:\/\/www.hotelsaturnojesolo.it\/de\/informationen\/#breadcrumb"},"inLanguage":"de-DE","potentialAction":[{"@type":"ReadAction","target":["https:\/\/www.hotelsaturnojesolo.it\/de\/informationen\/"]}]},{"@type":"BreadcrumbList","@id":"https:\/\/www.hotelsaturnojesolo.it\/de\/informationen\/#breadcrumb","itemListElement":[{"@type":"ListItem","position":1,"name":"Home","item":"https:\/\/www.hotelsaturnojesolo.it\/"},{"@type":"ListItem","position":2,"name":"Informationen"}]},{"@type":"WebSite","@id":"https:\/\/www.hotelsaturnojesolo.it\/#website","url":"https:\/\/www.hotelsaturnojesolo.it\/","name":"Hotel Saturno Jesolo","description":"","publisher":{"@id":"https:\/\/www.hotelsaturnojesolo.it\/#organization"},"potentialAction":[{"@type":"SearchAction","target":{"@type":"EntryPoint","urlTemplate":"https:\/\/www.hotelsaturnojesolo.it\/?s={search_term_string}"},"query-input":{"@type":"PropertyValueSpecification","valueRequired":true,"valueName":"search_term_string"}}],"inLanguage":"de-DE"},{"@type":"Organization","@id":"https:\/\/www.hotelsaturnojesolo.it\/#organization","name":"Hotel Saturno Jesolo","url":"https:\/\/www.hotelsaturnojesolo.it\/","logo":{"@type":"ImageObject","inLanguage":"de-DE","@id":"https:\/\/www.hotelsaturnojesolo.it\/#\/schema\/logo\/image\/","url":"https:\/\/www.hotelsaturnojesolo.it\/wp-content\/uploads\/2019\/12\/cropped-Simbolo-HS-2.png","contentUrl":"https:\/\/www.hotelsaturnojesolo.it\/wp-content\/uploads\/2019\/12\/cropped-Simbolo-HS-2.png","width":512,"height":512,"caption":"Hotel Saturno Jesolo"},"image":{"@id":"https:\/\/www.hotelsaturnojesolo.it\/#\/schema\/logo\/image\/"},"sameAs":["https:\/\/www.facebook.com\/hotelsaturnojesolo\/","https:\/\/www.instagram.com\/hotelsaturno\/"]}]}},"_links":{"self":[{"href":"https:\/\/www.hotelsaturnojesolo.it\/de\/wp-json\/wp\/v2\/pages\/2553","targetHints":{"allow":["GET"]}}],"collection":[{"href":"https:\/\/www.hotelsaturnojesolo.it\/de\/wp-json\/wp\/v2\/pages"}],"about":[{"href":"https:\/\/www.hotelsaturnojesolo.it\/de\/wp-json\/wp\/v2\/types\/page"}],"author":[{"embeddable":true,"href":"https:\/\/www.hotelsaturnojesolo.it\/de\/wp-json\/wp\/v2\/users\/1"}],"replies":[{"embeddable":true,"href":"https:\/\/www.hotelsaturnojesolo.it\/de\/wp-json\/wp\/v2\/comments?post=2553"}],"version-history":[{"count":44,"href":"https:\/\/www.hotelsaturnojesolo.it\/de\/wp-json\/wp\/v2\/pages\/2553\/revisions"}],"predecessor-version":[{"id":4482,"href":"https:\/\/www.hotelsaturnojesolo.it\/de\/wp-json\/wp\/v2\/pages\/2553\/revisions\/4482"}],"wp:attachment":[{"href":"https:\/\/www.hotelsaturnojesolo.it\/de\/wp-json\/wp\/v2\/media?parent=2553"}],"curies":[{"name":"wp","href":"https:\/\/api.w.org\/{rel}","templated":true}]}}